{"id":4692,"date":"2021-06-16T09:43:05","date_gmt":"2021-06-16T07:43:05","guid":{"rendered":"https:\/\/www.lagondelapree.com\/camping-curistes-saint-laurent-de-la-pree\/"},"modified":"2021-11-23T10:08:45","modified_gmt":"2021-11-23T09:08:45","slug":"campsite-curists-saint-laurent-de-la-pree","status":"publish","type":"page","link":"https:\/\/www.lagondelapree.com\/en\/campsite-curists-saint-laurent-de-la-pree\/","title":{"rendered":"Curiste"},"content":{"rendered":"<section id=\"section-60f570b975262\"\" class=\"section first-home bg-white\" \/><div class=\"container extralarge\"><h1 class=\"element section-title center m-b-5\">Campsite for curists in Charente-Maritime<\/h1><div class=\"colonnes-wrap valign-middle \"><div class=\"element colonne w-40 blob-right\"><div class=\"element images\"><div class=\"image\"><img decoding=\"async\" src=\"https:\/\/www.lagondelapree.com\/wp-content\/uploads\/2021\/09\/sajour-curistes-foouras-88x100.jpg\" data-src=\"https:\/\/www.lagondelapree.com\/wp-content\/uploads\/2021\/09\/sajour-curistes-foouras.jpg\" alt=\"sejour curistes fouras\" class=\"images_image\" title=\"\"><\/div><\/div><\/div><div class=\"element colonne w-60\"><h2 class=\"element section-title justify color2 underlineStyle Face \u00e0 Fouras-les-Bains (17450), magnifique station baln\u00e9aire du Sud-Ouest de la France, notre Village Vacances, id\u00e9alement situ\u00e9, est ouvert toute l'ann\u00e9e pour r\u00e9pondre \u00e0 toutes les demandes de locations possibles (vacanciers, curistes, golfeurs, ouvriers, commerciaux, ...).   Toute l\u2019ann\u00e9e, nos \u00e9quipes d\u2019accueil et techniques vous accueillent dans notre petit coin de paradis exotique, que nous avons renomm\u00e9 en 2018, le Village Vacances Lagon de la Pr\u00e9e ****. Nous poss\u00e9dons tous les atouts d\u2019un \u00e9tablissement d\u2019h\u00f4tellerie de plein air qualifi\u00e9 de familial, o\u00f9 il fait bon vivre en toute s\u00e9curit\u00e9, dans lequel vous pourrez vous d\u00e9tendre et vous amuser. Notre situation g\u00e9ographique est id\u00e9ale voire exceptionnelle car nous sommes proches de Rochefort avec sa cure thermale, Fouras-les-Bains avec ses plages, Ch\u00e2telaillon plage et la Rochelle.\">Rental for curists in Saint-Laurent-de-la-Pr\u00e9e<\/h2><div class=\"element bloc-text justify \">\n\t<p>Our <a href=\"\/en\/\">camping the Village Vacances Lagon de la Pr\u00e9e in Fouras<\/a> has specialized in receiving with professionalism, <strong class=\"bold color1\">the curists<\/strong> of the Thermes de Rochefort. <\/p>\n<p>Philippe and Graziella with all the team of reception, technical and cleaning have put everything in place so that their curist customers so precious from February to December, are 100% satisfied as well on the reception part as on the accommodation, the activities proposed from June to September and the family and human atmosphere where it is good to live.<\/p>\n<p>It is inevitably your option of lodging great comfort not to be missed, on the region.<\/p>\n<\/div><\/div><\/div><\/div><\/section>\n\n<section id=\"section-60f570b97552c\"\" class=\"section home-nine bg-white p-t-0 p-b-0\" \/><div class=\"container full\"><div class=\"accordeon\"><div class=\"slide \"><div class=\"slide_image\"><img decoding=\"async\" src=\"https:\/\/www.lagondelapree.com\/wp-content\/uploads\/2021\/10\/cure-thermale-charente-maritime-100x67.jpg\" data-src=\"https:\/\/www.lagondelapree.com\/wp-content\/uploads\/2021\/10\/cure-thermale-charente-maritime.jpg\" alt=\"cure thermale charente maritime\" class=\"\" title=\"\"><\/div><\/div><div class=\"slide \"><div class=\"slide_image\"><img decoding=\"async\" src=\"https:\/\/www.lagondelapree.com\/wp-content\/uploads\/2021\/10\/massages-thermes-rochefort-100x67.jpg\" data-src=\"https:\/\/www.lagondelapree.com\/wp-content\/uploads\/2021\/10\/massages-thermes-rochefort.jpg\" alt=\"massages thermes rochefort\" class=\"\" title=\"\"><\/div><\/div><div class=\"slide \"><div class=\"slide_image\"><img decoding=\"async\" src=\"https:\/\/www.lagondelapree.com\/wp-content\/uploads\/2021\/10\/thermes-fouras-les-bains-100x67.jpg\" data-src=\"https:\/\/www.lagondelapree.com\/wp-content\/uploads\/2021\/10\/thermes-fouras-les-bains.jpg\" alt=\"thermes fouras les bains\" class=\"\" title=\"\"><\/div><\/div><div class=\"slide \"><div class=\"slide_image\"><img decoding=\"async\" src=\"https:\/\/www.lagondelapree.com\/wp-content\/uploads\/2021\/10\/thermes-charente-maritime-100x67.jpg\" data-src=\"https:\/\/www.lagondelapree.com\/wp-content\/uploads\/2021\/10\/thermes-charente-maritime.jpg\" alt=\"thermes charente maritime\" class=\"\" title=\"\"><\/div><\/div><\/div><\/div><\/section>\n\n<section id=\"section-6177c7964996d\"\" class=\"section bg-white\" \/><div class=\"container extralarge\"><div class=\"colonnes-wrap valign-middle \"><div class=\"element colonne w-60\"><div class=\"element bloc-text justify \">\n\t<p class=\"titrepourquoi\">Why?<\/p>\n<ul>\n<li>Because our lodges and cottages are very comfortable with reversible air conditioning.<\/li>\n<li>Because we have well thought out 3 week packages for 1 or 2 people.<\/li>\n<li>Because the wifi package for 2 people and the TV package (TNT included) are offered.<\/li>\n<li>Because a welcome gift, so appreciated, is always offered.<\/li>\n<li>Because we are located 10 minutes by car from the thermal baths, 15 minutes by train (stop 5 minutes walk) and 22 minutes by bus line G (bus stop 50m from the campsite).<\/li>\n<li>Because as soon as the Thermal Baths open, the campsite is open and ready to welcome you.<\/li>\n<li>Because our restaurant le Blue Bay will seduce you from June to September with its new menu (opening conditions indicated at the reception).<\/li>\n<\/ul>\n<\/div><\/div><div class=\"element colonne w-40 blob-right\"><div class=\"element images\"><div class=\"image\"><img decoding=\"async\" src=\"https:\/\/www.lagondelapree.com\/wp-content\/uploads\/2021\/09\/camping-petit-prix-fouras-89x100.jpg\" data-src=\"https:\/\/www.lagondelapree.com\/wp-content\/uploads\/2021\/09\/camping-petit-prix-fouras.jpg\" alt=\"location curiste fouras les bains\" class=\"images_image reverseImage\" title=\"\"><\/div><\/div><\/div><\/div><\/div><\/section>\n\n<section id=\"section-6177c79649c7d\"\" class=\"section bg-white\" \/><div class=\"container extralarge\"><div class=\"colonnes-wrap valign-top \"><div class=\"element colonne w-40 blob-right\"><div class=\"element images\"><div class=\"image\"><img decoding=\"async\" src=\"\" data-src=\"\" alt=\"camping curistes fouras\" class=\"images_image\" data- title=\"\"><\/div><\/div><\/div><div class=\"element colonne w-60\"><div class=\"element bloc-text justify \">\n\t<ul>\n<li>Because our covered, heated whirlpool will be open on April 1.<\/li>\n<li>Because our heated water park in Fouras, beloved by children and grandchildren, opens as early as June 1.<\/li>\n<li>Because our natural lagoon will know how to relax as soon as it opens on June 1.<\/li>\n<li>Because we offer aqua gym classes every Sunday in June and September.<\/li>\n<li>Because we offer petanque competitions in June and September.<\/li>\n<li>Because we organize in June and September karaoke and themed meals.<\/li>\n<\/ul>\n<\/div><\/div><\/div><\/div><\/section>\n\n<section id=\"section-60f570b975d32\"\" class=\"section first-home-bis bg-white\" \/><div class=\"container extralarge\"><div class=\"colonnes-wrap valign-middle \"><div class=\"element colonne w-60\"><div class=\"element bloc-text justify \">\n\t<p><strong class=\"bold color1\">3 packages<\/strong> well thought out to spend a pleasant moment of vacation and well-being : <\/p>\n<ul>\n<li><strong class=\"bold color1\">Cottage 2 rooms<\/strong> &#8211; Package for 1 or 2 people<br \/>\n3 weeks at the Village Vacances Le Lagon de la Pr\u00e9e campsite **** from 735\u20ac<\/li>\n<li><strong class=\"bold color1\">Cottage 3 bedrooms<\/strong> &#8211; Package for 1 or 2 persons<br \/>\n3 weeks at the Village Vacances Le Lagon de la Pr\u00e9e campsite **** from 798\u20ac<\/li>\n<li><strong class=\"bold color1\">Lodge 3 rooms<\/strong> &#8211; Package for 1 or 2 persons<br \/>\n3 weeks at the Village Vacances Le Lagon de la Pr\u00e9e campsite **** from 861\u20ac<\/ul>\n<\/li>\n<p><strong class=\"bold color1\">New in 2022<\/strong>: For maximum comfort, reversible air conditioning will be installed in all our accommodations.<\/p>\n<\/div><\/div><div class=\"element colonne w-40 blob-right\"><div class=\"element images\"><div class=\"image\"><img decoding=\"async\" src=\"https:\/\/www.lagondelapree.com\/wp-content\/uploads\/2021\/09\/camping-curistes-fouras-88x100.jpg\" data-src=\"https:\/\/www.lagondelapree.com\/wp-content\/uploads\/2021\/09\/camping-curistes-fouras.jpg\" alt=\"camping curistes fouras\" class=\"images_image reverseImage\" title=\"\"><\/div><\/div><\/div><\/div><\/div><\/section>\n\n<section id=\"section-612f6de60f1a4\"\" class=\"section home-nine bg-white p-t-0 p-b-0\" \/><div class=\"container full\"><div class=\"accordeon\"><div class=\"slide \"><div class=\"slide_image\"><img decoding=\"async\" src=\"https:\/\/www.lagondelapree.com\/wp-content\/uploads\/2021\/10\/soins-thermes-charente-maritime-100x67.jpg\" data-src=\"https:\/\/www.lagondelapree.com\/wp-content\/uploads\/2021\/10\/soins-thermes-charente-maritime.jpg\" alt=\"soins thermes Rochefort\" class=\"\" title=\"\"><\/div><\/div><div class=\"slide \"><div class=\"slide_image\"><img decoding=\"async\" src=\"https:\/\/www.lagondelapree.com\/wp-content\/uploads\/2021\/10\/camping-petit-prix-fouras-les-bains-100x67.jpg\" data-src=\"https:\/\/www.lagondelapree.com\/wp-content\/uploads\/2021\/10\/camping-petit-prix-fouras-les-bains.jpg\" alt=\"In\u00e9rieur d&#039;un lodge \u00e0 Fouras\" class=\"\" title=\"\"><\/div><\/div><div class=\"slide \"><div class=\"slide_image\"><img decoding=\"async\" src=\"https:\/\/www.lagondelapree.com\/wp-content\/uploads\/2021\/10\/thermes-saint-laurent-de-la-pree-100x67.jpg\" data-src=\"https:\/\/www.lagondelapree.com\/wp-content\/uploads\/2021\/10\/thermes-saint-laurent-de-la-pree.jpg\" alt=\"massage pour curiste\" class=\"\" title=\"\"><\/div><\/div><div class=\"slide \"><div class=\"slide_image\"><img decoding=\"async\" src=\"https:\/\/www.lagondelapree.com\/wp-content\/uploads\/2021\/10\/location-petit-prix-charente-maritime-100x67.jpg\" data-src=\"https:\/\/www.lagondelapree.com\/wp-content\/uploads\/2021\/10\/location-petit-prix-charente-maritime.jpg\" alt=\"cuisine am\u00e9nag\u00e9e d&#039;un lodge sur Fouras\" class=\"\" title=\"\"><\/div><\/div><\/div><\/div><\/section>\n\n<section id=\"section-6177c7964a5ad\"\" class=\"section bg-white\" \/><div class=\"container extralarge\"><div class=\"colonnes-wrap valign-top \"><div class=\"element colonne w-40 blob-right\"><div class=\"element images\"><div class=\"image\"><img decoding=\"async\" src=\"https:\/\/www.lagondelapree.com\/wp-content\/uploads\/2021\/10\/cures-thermales-charente-maritime-88x100.jpg\" data-src=\"https:\/\/www.lagondelapree.com\/wp-content\/uploads\/2021\/10\/cures-thermales-charente-maritime.jpg\" alt=\"massage bien-\u00eatre\" class=\"images_image\" title=\"\"><\/div><\/div><\/div><div class=\"element colonne w-60\"><h2 class=\"element section-title justify color2 underlineStyle Face \u00e0 Fouras-les-Bains (17450), magnifique station baln\u00e9aire du Sud-Ouest de la France, notre Village Vacances, id\u00e9alement situ\u00e9, est ouvert toute l'ann\u00e9e pour r\u00e9pondre \u00e0 toutes les demandes de locations possibles (vacanciers, curistes, golfeurs, ouvriers, commerciaux, ...).   Toute l\u2019ann\u00e9e, nos \u00e9quipes d\u2019accueil et techniques vous accueillent dans notre petit coin de paradis exotique, que nous avons renomm\u00e9 en 2018, le Village Vacances Lagon de la Pr\u00e9e ****. Nous poss\u00e9dons tous les atouts d\u2019un \u00e9tablissement d\u2019h\u00f4tellerie de plein air qualifi\u00e9 de familial, o\u00f9 il fait bon vivre en toute s\u00e9curit\u00e9, dans lequel vous pourrez vous d\u00e9tendre et vous amuser. Notre situation g\u00e9ographique est id\u00e9ale voire exceptionnelle car nous sommes proches de Rochefort avec sa cure thermale, Fouras-les-Bains avec ses plages, Ch\u00e2telaillon plage et la Rochelle.\">Camping for thermal cure in Charente-Maritime<\/h2><div class=\"element bloc-text justify \">\n\t<p>Take advantage of a relaxing and invigorating 3-week cure at the Rochefort spa. Rheumatology, phlebology, dermatology and oral-lingual mucosal affections, dual orientation&#8230; A whole program.<\/p>\n<ul>\n<li><strong class=\"bold color1\">The 18-day cure on Rochefort &#8211; conventioned<\/strong>:<\/li>\n<\/ul>\n<p>The <strong class=\"bold color1\">cure thermale conventionn\u00e9e 18 jours<\/strong>, comes as a complement to more conventional treatments. It is a <strong class=\"bold color1\">medical accompaniment<\/strong>, in addition to conventional treatments or as an alternative to drugs, without side effects. Its effectiveness has been proven by numerous clinical studies, particularly in the <strong class=\"bold color1\">management of several chronic pathologies<\/strong>. The effectiveness of cures has long been proven. It generally relieves many pains, allows you to gain autonomy (motor) and to take less medication.<\/p>\n<\/div><\/div><\/div><\/div><\/section>\n\n<section id=\"section-6177c7964a902\"\" class=\"section bg-white\" \/><div class=\"container extralarge\"><div class=\"colonnes-wrap valign-middle \"><div class=\"element colonne w-60\"><div class=\"element bloc-text justify \">\n\t<p>In order to be reimbursed, a spa treatment must be prescribed by a doctor and last 18 days, 6 days a week. Sundays are free, so take the opportunity to discover the region. The <strong class=\"bold color1\">18 days of care<\/strong> are essential to have long-term effects.<\/p>\n<p>The <strong class=\"bold color1\">recommended treatments<\/strong> (baths, showers, massages&#8230;) are the basics, but you will also learn how to better live and manage your pathology.<\/p>\n<p>A <strong class=\"bold color1\">thermal cure of 3 weeks<\/strong> is the way to change and improve your daily life. You can benefit from its effects throughout the year and simply live better.<\/p>\n<ul>\n<li><strong class=\"bold color1\">The cure of a few days on Rochefort &#8211; non conventional<\/strong> :<\/li>\n<\/ul>\n<p>The Prevention cures last 2, 3, 4 or 6 days at the Rochefort Spa. If you do not have 3 weeks to follow a traditional medicalized spa treatment, if you want to enjoy the benefits of thermalism and act in prevention or simply to maintain good health, it is possible!<\/p>\n<p>Contact the Spa for more information.<\/p>\n<\/div><\/div><div class=\"element colonne w-40 blob-left\"><div class=\"element images\"><div class=\"image\"><img decoding=\"async\" src=\"https:\/\/www.lagondelapree.com\/wp-content\/uploads\/2021\/10\/cures-thermales-rochefort-88x100.jpg\" data-src=\"https:\/\/www.lagondelapree.com\/wp-content\/uploads\/2021\/10\/cures-thermales-rochefort.jpg\" alt=\"cures thermales rochefort\" class=\"images_image reverseImage\" title=\"\"><\/div><\/div><\/div><\/div><\/div><\/section>\n\n<section id=\"section-60f58d64146d3\"\" class=\"section bg-white p-b-0\" \/><div class=\"container large\"><div class=\"element section-title center titre-cta color1 styleCenter underlineStyle\">Discover our range of mobile homes with our prices and the Bluegreen golf course<\/div><\/div><\/section>\n\n<section id=\"section-60f570b9760ae\"\" class=\"section bg-white p-t-0\" \/><div class=\"container full\"><ul class=\"liste-de-page\"><li class=\"element call-to-action carre call-to-action--style-1 call-to-action--big\"><a href=\"https:\/\/www.lagondelapree.com\/en\/campsite-golf-saint-laurent-de-la-pree\/\"  class=\"call-to-action_link\" title=\"Learn more about golf stays\"><div class=\"call-to-action_image\"><img decoding=\"async\" src=\"https:\/\/www.lagondelapree.com\/wp-content\/uploads\/2021\/09\/camping-golf-saint-laurent-de-la-pree-1-100x70.jpg\" data-src=\"https:\/\/www.lagondelapree.com\/wp-content\/uploads\/2021\/09\/camping-golf-saint-laurent-de-la-pree-1.jpg\" alt=\"camping golf saint laurent de la pree\" class=\"big\" title=\"\"><\/div><div class=\"call-to-action_contenu\"><div class=\"call-to-action_titre\">Golf stays<\/div><\/div><\/a><\/li><li class=\"element call-to-action carre call-to-action--style-1 call-to-action--big call-to-action--style-1 call-to-action--big\"><a href=\"https:\/\/www.lagondelapree.com\/en\/rental-mobil-home-saint-laurent-de-la-pree\/\"  class=\"call-to-action_link\" title=\"Learn more about mobile home rental\"><div class=\"call-to-action_image\"><img decoding=\"async\" src=\"https:\/\/www.lagondelapree.com\/wp-content\/uploads\/2026\/01\/IRM-LIFE-2025-CH-1.jpg-100x67.webp\" data-src=\"https:\/\/www.lagondelapree.com\/wp-content\/uploads\/2026\/01\/IRM-LIFE-2025-CH-1.jpg.webp\" alt=\"\" class=\"big\" title=\"\"><\/div><div class=\"call-to-action_contenu\"><div class=\"call-to-action_titre\">Mobile home rental<\/div><\/div><\/a><\/li><li class=\"element call-to-action carre call-to-action--style-1 call-to-action--big call-to-action--style-1 call-to-action--big call-to-action--style-1 call-to-action--big\"><a href=\"https:\/\/www.lagondelapree.com\/en\/cheap-camping-saint-laurent-de-la-pree\/\"  class=\"call-to-action_link\" title=\"Learn more about rates\"><div class=\"call-to-action_image\"><img decoding=\"async\" src=\"https:\/\/www.lagondelapree.com\/wp-content\/uploads\/2021\/09\/camping-petit-prix-charente-100x70.jpg\" data-src=\"https:\/\/www.lagondelapree.com\/wp-content\/uploads\/2021\/09\/camping-petit-prix-charente.jpg\" alt=\"camping petit prix charente\" class=\"big\" title=\"\"><\/div><div class=\"call-to-action_contenu\"><div class=\"call-to-action_titre\">Rates<\/div><\/div><\/a><\/li><\/ul><\/div><\/section>","protected":false},"excerpt":{"rendered":"","protected":false},"author":1,"featured_media":3521,"parent":0,"menu_order":0,"comment_status":"closed","ping_status":"closed","template":"","meta":{"_acf_changed":false,"footnotes":""},"class_list":["post-4692","page","type-page","status-publish","has-post-thumbnail","hentry"],"acf":[],"_links":{"self":[{"href":"https:\/\/www.lagondelapree.com\/en\/wp-json\/wp\/v2\/pages\/4692","targetHints":{"allow":["GET"]}}],"collection":[{"href":"https:\/\/www.lagondelapree.com\/en\/wp-json\/wp\/v2\/pages"}],"about":[{"href":"https:\/\/www.lagondelapree.com\/en\/wp-json\/wp\/v2\/types\/page"}],"author":[{"embeddable":true,"href":"https:\/\/www.lagondelapree.com\/en\/wp-json\/wp\/v2\/users\/1"}],"replies":[{"embeddable":true,"href":"https:\/\/www.lagondelapree.com\/en\/wp-json\/wp\/v2\/comments?post=4692"}],"version-history":[{"count":7,"href":"https:\/\/www.lagondelapree.com\/en\/wp-json\/wp\/v2\/pages\/4692\/revisions"}],"predecessor-version":[{"id":4925,"href":"https:\/\/www.lagondelapree.com\/en\/wp-json\/wp\/v2\/pages\/4692\/revisions\/4925"}],"wp:featuredmedia":[{"embeddable":true,"href":"https:\/\/www.lagondelapree.com\/en\/wp-json\/wp\/v2\/media\/3521"}],"wp:attachment":[{"href":"https:\/\/www.lagondelapree.com\/en\/wp-json\/wp\/v2\/media?parent=4692"}],"curies":[{"name":"wp","href":"https:\/\/api.w.org\/{rel}","templated":true}]}}