{"id":4713,"date":"2021-08-02T17:18:10","date_gmt":"2021-08-02T15:18:10","guid":{"rendered":"https:\/\/www.lagondelapree.com\/camping-golf-saint-laurent-de-la-pree\/"},"modified":"2021-11-22T16:01:23","modified_gmt":"2021-11-22T15:01:23","slug":"campsite-golf-saint-laurent-de-la-pree","status":"publish","type":"page","link":"https:\/\/www.lagondelapree.com\/en\/campsite-golf-saint-laurent-de-la-pree\/","title":{"rendered":"Golf"},"content":{"rendered":"<section id=\"section-60f570b975262\"\" class=\"section first-home bg-white\" \/><div class=\"container extralarge\"><h1 class=\"element section-title center m-b-5\">Golf and stay ideas in Charente-Maritime<\/h1><div class=\"colonnes-wrap valign-middle \"><div class=\"element colonne w-40 blob-right\"><div class=\"element images\"><div class=\"image\"><img decoding=\"async\" src=\"https:\/\/www.lagondelapree.com\/wp-content\/uploads\/2021\/09\/caping-serjour-golf-fouras-88x100.jpg\" data-src=\"https:\/\/www.lagondelapree.com\/wp-content\/uploads\/2021\/09\/caping-serjour-golf-fouras.jpg\" alt=\"camping sejour golf fouras\" class=\"images_image\" title=\"\"><\/div><\/div><\/div><div class=\"element colonne w-60\"><h2 class=\"element section-title justify color2 underlineStyle Face \u00e0 Fouras-les-Bains (17450), magnifique station baln\u00e9aire du Sud-Ouest de la France, notre Village Vacances, id\u00e9alement situ\u00e9, est ouvert toute l'ann\u00e9e pour r\u00e9pondre \u00e0 toutes les demandes de locations possibles (vacanciers, curistes, golfeurs, ouvriers, commerciaux, ...).   Toute l\u2019ann\u00e9e, nos \u00e9quipes d\u2019accueil et techniques vous accueillent dans notre petit coin de paradis exotique, que nous avons renomm\u00e9 en 2018, le Village Vacances Lagon de la Pr\u00e9e ****. Nous poss\u00e9dons tous les atouts d\u2019un \u00e9tablissement d\u2019h\u00f4tellerie de plein air qualifi\u00e9 de familial, o\u00f9 il fait bon vivre en toute s\u00e9curit\u00e9, dans lequel vous pourrez vous d\u00e9tendre et vous amuser. Notre situation g\u00e9ographique est id\u00e9ale voire exceptionnelle car nous sommes proches de Rochefort avec sa cure thermale, Fouras-les-Bains avec ses plages, Ch\u00e2telaillon plage et la Rochelle.\">Camping near Bluegreen Rochefort Oc\u00e9an<\/h2><div class=\"element bloc-text justify \">\n\t<p>Want to spend a <strong class=\"bold color1\">sporty stay<\/strong> while practicing your favorite hobby? Our <a href=\"\/en\/\">camping in Fouras<\/a> is absolutely ideal for golfers due to its proximity to the <strong class=\"bold color1\">Bluegreen Rochefort Oc\u00e9an<\/strong>.  <\/p>\n<p>This golf course is located only 300m from the Lagon de la Pr\u00e9e. You can easily get there on foot or by bike or by car. Staying in a campsite near the golf course is a chance for all golf lovers! Our campsite is the ideal opportunity to <strong class=\"bold color1\">play golf<\/strong> during your vacations! <\/p>\n<\/div><\/div><\/div><\/div><\/section>\n\n<section id=\"section-60f570b97552c\"\" class=\"section home-nine bg-white p-t-0 p-b-0\" \/><div class=\"container full\"><div class=\"accordeon\"><div class=\"slide \"><div class=\"slide_image\"><img decoding=\"async\" src=\"https:\/\/www.lagondelapree.com\/wp-content\/uploads\/2021\/10\/parcours-golf-fouras-les-bains-100x67.jpg\" data-src=\"https:\/\/www.lagondelapree.com\/wp-content\/uploads\/2021\/10\/parcours-golf-fouras-les-bains.jpg\" alt=\"parcours golf fouras les bains\" class=\"\" title=\"\"><\/div><\/div><div class=\"slide \"><div class=\"slide_image\"><img decoding=\"async\" src=\"https:\/\/www.lagondelapree.com\/wp-content\/uploads\/2021\/10\/cours-golf-fouras-les-bains-100x67.jpg\" data-src=\"https:\/\/www.lagondelapree.com\/wp-content\/uploads\/2021\/10\/cours-golf-fouras-les-bains.jpg\" alt=\"cours golf fouras les bains\" class=\"\" title=\"\"><\/div><\/div><div class=\"slide \"><div class=\"slide_image\"><img decoding=\"async\" src=\"https:\/\/www.lagondelapree.com\/wp-content\/uploads\/2021\/10\/initiation-golf-fouras-les-bains-100x67.jpg\" data-src=\"https:\/\/www.lagondelapree.com\/wp-content\/uploads\/2021\/10\/initiation-golf-fouras-les-bains.jpg\" alt=\"initiation golf fouras les bains\" class=\"\" title=\"\"><\/div><\/div><div class=\"slide \"><div class=\"slide_image\"><img decoding=\"async\" src=\"https:\/\/www.lagondelapree.com\/wp-content\/uploads\/2021\/10\/golf-fouras-les-bains-100x67.jpg\" data-src=\"https:\/\/www.lagondelapree.com\/wp-content\/uploads\/2021\/10\/golf-fouras-les-bains.jpg\" alt=\"golf fouras les bains\" class=\"\" title=\"\"><\/div><\/div><\/div><\/div><\/section>\n\n<section id=\"section-6177baa0ddbdf\"\" class=\"section first-home-bis bg-white\" \/><div class=\"container extralarge\"><div class=\"colonnes-wrap valign-middle \"><div class=\"element colonne w-60\"><h2 class=\"element section-title justify color2 underlineStyle Face \u00e0 Fouras-les-Bains (17450), magnifique station baln\u00e9aire du Sud-Ouest de la France, notre Village Vacances, id\u00e9alement situ\u00e9, est ouvert toute l'ann\u00e9e pour r\u00e9pondre \u00e0 toutes les demandes de locations possibles (vacanciers, curistes, golfeurs, ouvriers, commerciaux, ...).   Toute l\u2019ann\u00e9e, nos \u00e9quipes d\u2019accueil et techniques vous accueillent dans notre petit coin de paradis exotique, que nous avons renomm\u00e9 en 2018, le Village Vacances Lagon de la Pr\u00e9e ****. Nous poss\u00e9dons tous les atouts d\u2019un \u00e9tablissement d\u2019h\u00f4tellerie de plein air qualifi\u00e9 de familial, o\u00f9 il fait bon vivre en toute s\u00e9curit\u00e9, dans lequel vous pourrez vous d\u00e9tendre et vous amuser. Notre situation g\u00e9ographique est id\u00e9ale voire exceptionnelle car nous sommes proches de Rochefort avec sa cure thermale, Fouras-les-Bains avec ses plages, Ch\u00e2telaillon plage et la Rochelle.\">Prepare your golf vacation in Fouras!<\/h2><div class=\"element bloc-text justify \">\n\t<p>The Bluegreen Rochefort Oc\u00e9an golf course is located in Saint-Laurent de la Pr\u00e9e, 300m from our campsite and was built on more than 30 hectares. In a wooded environment, you can enjoy a magnificent view of the Rochefort marshes and the Charente estuary. Want to compete with other golfers? Know that you will find all the information concerning the <strong class=\"bold color1\">competitions on the page of the Association Sportive de Rochefort Oc\u00e9an<\/strong>. <\/p>\n<p>This course consists of <strong class=\"bold color1\">9 holes<\/strong> (18 holes at the end of 2022), a <strong class=\"bold color1\">practice<\/strong> to practice, a <strong class=\"bold color1\">proshop<\/strong> and a <strong class=\"bold color1\">food and beverage service<\/strong>. You can also take <strong class=\"bold color1\">golf lessons<\/strong>! <\/p>\n<\/div><\/div><div class=\"element colonne Classes w-40 blob-left\"><div class=\"element images\"><div class=\"image\"><img decoding=\"async\" src=\"https:\/\/www.lagondelapree.com\/wp-content\/uploads\/2021\/10\/sejour-golf-charente-maritime-88x100.jpg\" data-src=\"https:\/\/www.lagondelapree.com\/wp-content\/uploads\/2021\/10\/sejour-golf-charente-maritime.jpg\" alt=\"sejour golf charente maritime\" class=\"images_image reverseImage\" title=\"\"><\/div><\/div><\/div><\/div><\/div><\/section>\n\n<section id=\"section-60f570b975d32\"\" class=\"section first-home-bis bg-white\" \/><div class=\"container extralarge\"><div class=\"colonnes-wrap valign-middle \"><div class=\"element colonne w-40 blob-right\"><div class=\"element images\"><div class=\"image\"><img decoding=\"async\" src=\"\" data-src=\"\" alt=\"camping sport fouras\" class=\"images_image\" data- title=\"\"><\/div><\/div><\/div><div class=\"element colonne w-60\"><h2 class=\"element section-title justify color2 underlineStyle Face \u00e0 Fouras-les-Bains (17450), magnifique station baln\u00e9aire du Sud-Ouest de la France, notre Village Vacances, id\u00e9alement situ\u00e9, est ouvert toute l'ann\u00e9e pour r\u00e9pondre \u00e0 toutes les demandes de locations possibles (vacanciers, curistes, golfeurs, ouvriers, commerciaux, ...).   Toute l\u2019ann\u00e9e, nos \u00e9quipes d\u2019accueil et techniques vous accueillent dans notre petit coin de paradis exotique, que nous avons renomm\u00e9 en 2018, le Village Vacances Lagon de la Pr\u00e9e ****. Nous poss\u00e9dons tous les atouts d\u2019un \u00e9tablissement d\u2019h\u00f4tellerie de plein air qualifi\u00e9 de familial, o\u00f9 il fait bon vivre en toute s\u00e9curit\u00e9, dans lequel vous pourrez vous d\u00e9tendre et vous amuser. Notre situation g\u00e9ographique est id\u00e9ale voire exceptionnelle car nous sommes proches de Rochefort avec sa cure thermale, Fouras-les-Bains avec ses plages, Ch\u00e2telaillon plage et la Rochelle.\">Family vacation in Charente-Maritime<\/h2><div class=\"element bloc-text justify \">\n\t<p>Want to spend a family vacation in a <strong class=\"bold color1\">friendly atmosphere<\/strong>? You should know that Le Lagon de la Pr\u00e9e has everything planned!  <\/p>\n<p>To occupy the <strong class=\"bold color1\">children from 4 to 12 years old,<\/strong> the Keiki Club is offered during all summer vacations! 2 animators with the menu of games, manual activities, and more. For the <strong class=\"bold color1\">teens<\/strong>, we have created the Kanaka, a relaxation area reserved for them.<\/p>\n<p>Without forgetting of course our <strong class=\"bold color1\">3 aquatic spaces<\/strong>, our various <strong class=\"bold color1\">sports tournaments<\/strong> (soccer, petanque, beach volleyball&#8230;), our camping animations during the day and our themed evenings. Young and old will find their happiness for a successful family stay!<\/p>\n<\/div><\/div><\/div><\/div><\/section>\n\n<section id=\"section-60f58d64146d3\"\" class=\"section bg-white p-b-0\" \/><div class=\"container large\"><div class=\"element section-title center titre-cta color1 styleCenter underlineStyle\">Discover the curist stays and our mobile homes<\/div><\/div><\/section>\n\n<section id=\"section-60f570b9760ae\"\" class=\"section bg-white p-t-0\" \/><div class=\"container full\"><ul class=\"liste-de-page\"><li class=\"element call-to-action carre call-to-action--style-1 call-to-action--big\"><a href=\"https:\/\/www.lagondelapree.com\/en\/campsite-curists-saint-laurent-de-la-pree\/\"  class=\"call-to-action_link\" title=\"Learn more about curist stays\"><div class=\"call-to-action_image\"><img decoding=\"async\" src=\"https:\/\/www.lagondelapree.com\/wp-content\/uploads\/2021\/09\/camping-thermes-charente-maritime-100x70.jpg\" data-src=\"https:\/\/www.lagondelapree.com\/wp-content\/uploads\/2021\/09\/camping-thermes-charente-maritime.jpg\" alt=\"camping thermes charente maritime\" class=\"big\" title=\"\"><\/div><div class=\"call-to-action_contenu\"><div class=\"call-to-action_titre\">Curist stays<\/div><\/div><\/a><\/li><li class=\"element call-to-action carre call-to-action--style-1 call-to-action--big call-to-action--style-1 call-to-action--big\"><a href=\"https:\/\/www.lagondelapree.com\/en\/rental-mobil-home-saint-laurent-de-la-pree\/\"  class=\"call-to-action_link\" title=\"Learn more about mobile home rental\"><div class=\"call-to-action_image\"><img decoding=\"async\" src=\"https:\/\/www.lagondelapree.com\/wp-content\/uploads\/2026\/01\/IRM-LIFE-2025-CH-1.jpg-100x67.webp\" data-src=\"https:\/\/www.lagondelapree.com\/wp-content\/uploads\/2026\/01\/IRM-LIFE-2025-CH-1.jpg.webp\" alt=\"\" class=\"big\" title=\"\"><\/div><div class=\"call-to-action_contenu\"><div class=\"call-to-action_titre\">Mobile home rental<\/div><\/div><\/a><\/li><li class=\"element call-to-action carre call-to-action--style-1 call-to-action--big call-to-action--style-1 call-to-action--big call-to-action--style-1 call-to-action--big\"><a href=\"https:\/\/www.lagondelapree.com\/en\/cheap-camping-saint-laurent-de-la-pree\/\"  class=\"call-to-action_link\" title=\"Learn more about rates\"><div class=\"call-to-action_image\"><img decoding=\"async\" src=\"https:\/\/www.lagondelapree.com\/wp-content\/uploads\/2021\/09\/camping-petit-prix-charente-100x70.jpg\" data-src=\"https:\/\/www.lagondelapree.com\/wp-content\/uploads\/2021\/09\/camping-petit-prix-charente.jpg\" alt=\"camping petit prix charente\" class=\"big\" title=\"\"><\/div><div class=\"call-to-action_contenu\"><div class=\"call-to-action_titre\">Rates<\/div><\/div><\/a><\/li><\/ul><\/div><\/section>","protected":false},"excerpt":{"rendered":"","protected":false},"author":1,"featured_media":1504,"parent":0,"menu_order":0,"comment_status":"closed","ping_status":"closed","template":"","meta":{"_acf_changed":false,"footnotes":""},"class_list":["post-4713","page","type-page","status-publish","has-post-thumbnail","hentry"],"acf":[],"_links":{"self":[{"href":"https:\/\/www.lagondelapree.com\/en\/wp-json\/wp\/v2\/pages\/4713","targetHints":{"allow":["GET"]}}],"collection":[{"href":"https:\/\/www.lagondelapree.com\/en\/wp-json\/wp\/v2\/pages"}],"about":[{"href":"https:\/\/www.lagondelapree.com\/en\/wp-json\/wp\/v2\/types\/page"}],"author":[{"embeddable":true,"href":"https:\/\/www.lagondelapree.com\/en\/wp-json\/wp\/v2\/users\/1"}],"replies":[{"embeddable":true,"href":"https:\/\/www.lagondelapree.com\/en\/wp-json\/wp\/v2\/comments?post=4713"}],"version-history":[{"count":8,"href":"https:\/\/www.lagondelapree.com\/en\/wp-json\/wp\/v2\/pages\/4713\/revisions"}],"predecessor-version":[{"id":4813,"href":"https:\/\/www.lagondelapree.com\/en\/wp-json\/wp\/v2\/pages\/4713\/revisions\/4813"}],"wp:featuredmedia":[{"embeddable":true,"href":"https:\/\/www.lagondelapree.com\/en\/wp-json\/wp\/v2\/media\/1504"}],"wp:attachment":[{"href":"https:\/\/www.lagondelapree.com\/en\/wp-json\/wp\/v2\/media?parent=4713"}],"curies":[{"name":"wp","href":"https:\/\/api.w.org\/{rel}","templated":true}]}}