{"id":4736,"date":"2021-09-13T12:03:23","date_gmt":"2021-09-13T10:03:23","guid":{"rendered":"https:\/\/www.lagondelapree.com\/camping-parc-aquatique-saint-laurent-de-la-pree\/"},"modified":"2021-11-22T16:05:59","modified_gmt":"2021-11-22T15:05:59","slug":"campsite-water-park-saint-laurent-de-la-pree","status":"publish","type":"page","link":"https:\/\/www.lagondelapree.com\/en\/campsite-water-park-saint-laurent-de-la-pree\/","title":{"rendered":"Le Parc aquatique chauff\u00e9"},"content":{"rendered":"<section id=\"section-60f570b975262\"\" class=\"section first-home bg-white\" \/><div class=\"container extralarge\"><h1 class=\"element section-title center m-b-5\">Camping with heated water park in Charente-Maritime<\/h1><div class=\"colonnes-wrap valign-middle \"><div class=\"element colonne w-40 blob-right\"><div class=\"element images\"><div class=\"image\"><img decoding=\"async\" src=\"https:\/\/www.lagondelapree.com\/wp-content\/uploads\/2021\/09\/parc-aquatique-charente-88x100.jpg\" data-src=\"https:\/\/www.lagondelapree.com\/wp-content\/uploads\/2021\/09\/parc-aquatique-charente.jpg\" alt=\"camping piscine chauffee fouras\" class=\"images_image\" title=\"\"><\/div><\/div><\/div><div class=\"element colonne w-60\"><h2 class=\"element section-title justify color2\">Our water park<br>in Saint-Laurent-de-la-Pr\u00e9e<\/h2><div class=\"element section-title center color2 underlineStyle\">Ka\u00ef <\/div><div class=\"element bloc-text justify \">\n\t<p>Discover our incredible heated water park named Ka\u00ef with its <strong class=\"bold color1\">2 slides version TGV<\/strong> with strong sensations assured and our fluorescent water tube with all its colors that will be displayed during the descent, to the point of having your head in the clouds when you arrive in the water. You will be subjugated by the view from the very top of the water park discovering all the Atlantic Ocean and the seaside towns that surround us. This <strong class=\"bold color1\">exceptional view<\/strong> is definitely worth the trip, as you are more than 28 m above sea level.   <\/p>\n<p>Anyway, we are equipped with one of the <strong class=\"bold color1\">most beautiful and thrilling water park<\/strong>, 100% safe and will give you memories full of head. By the way, the water park is where we do aqua aerobics, water polo, summer dances and of course, the famous slide challenges with all our entertainers.   <\/p>\n<p>The <strong class=\"bold color1\">Kai Heated Waterpark<\/strong> is open from June 1 to September 30 from 10am to 7pm and you&#8217;ll be seduced by the fun-filled atmosphere, sure to please the whole family.  <\/p>\n<\/div><\/div><\/div><\/div><\/section>\n\n<section id=\"section-60f570b97552c\"\" class=\"section home-nine bg-white p-t-0 p-b-0\" \/><div class=\"container full\"><div class=\"accordeon\"><div class=\"slide \"><div class=\"slide_image\"><img decoding=\"async\" src=\"https:\/\/www.lagondelapree.com\/wp-content\/uploads\/2021\/10\/piscine-chauffee-toboggan-fouras-100x67.jpg\" data-src=\"https:\/\/www.lagondelapree.com\/wp-content\/uploads\/2021\/10\/piscine-chauffee-toboggan-fouras.jpg\" alt=\"Piscine chauff\u00e9e et toboggan en \u00e9t\u00e9 au camping de Fouras\" class=\"\" title=\"\"><\/div><\/div><div class=\"slide \"><div class=\"slide_image\"><img decoding=\"async\" src=\"https:\/\/www.lagondelapree.com\/wp-content\/uploads\/2021\/10\/parc-aquatique-toboggan-fouras-100x67.jpg\" data-src=\"https:\/\/www.lagondelapree.com\/wp-content\/uploads\/2021\/10\/parc-aquatique-toboggan-fouras.jpg\" alt=\"Parc aquatique et toboggans du camping de Rochefort\" class=\"\" title=\"\"><\/div><\/div><div class=\"slide \"><div class=\"slide_image\"><img decoding=\"async\" src=\"https:\/\/www.lagondelapree.com\/wp-content\/uploads\/2021\/10\/toboggan-aquatique-charente-maritime-100x67.jpg\" data-src=\"https:\/\/www.lagondelapree.com\/wp-content\/uploads\/2021\/10\/toboggan-aquatique-charente-maritime.jpg\" alt=\"toboggan aquatique du Lagon de la Pr\u00e9e \u00e0 Fouras\" class=\"\" title=\"\"><\/div><\/div><div class=\"slide \"><div class=\"slide_image\"><img decoding=\"async\" src=\"https:\/\/www.lagondelapree.com\/wp-content\/uploads\/2021\/10\/piscine-toboggan-aquatique-charente-maritime-100x67.jpg\" data-src=\"https:\/\/www.lagondelapree.com\/wp-content\/uploads\/2021\/10\/piscine-toboggan-aquatique-charente-maritime.jpg\" alt=\"piscine de notre toboggan-aquatique de charente maritime\" class=\"\" title=\"\"><\/div><\/div><\/div><\/div><\/section>\n\n<section id=\"section-groupe\"\" class=\"section first-home-bis bg-white\" \/><div class=\"container extralarge\"><div class=\"colonnes-wrap valign-middle \"><div class=\"element colonne w-60\"><h2 class=\"element section-title justify color2 underlineStyle\">Water park with slides in Saint-Laurent-de-la-Pr\u00e9e<\/h2><div class=\"element bloc-text justify \">\n\t<p>You will spend <strong class=\"bold color1\">sensational<\/strong> and relaxing moments in an exceptional space with its 3 sensational slides and 28\u00b0 heated water at <a href=\"\/en\/\"> Camping le Lagoon de la Pr\u00e9e in Charente-Maritime<\/a>. <\/p>\n<p>Go down our multi-track slide quickly next to your friends or let our slide take you down in the dark before taking a dip in the water. Our waterslides are guaranteed to provide you and your loved ones with a lot of laughs.<\/p>\n<\/div><\/div><div class=\"element colonne w-40 blob-right\"><div class=\"element images\"><div class=\"image\"><img decoding=\"async\" src=\"https:\/\/www.lagondelapree.com\/wp-content\/uploads\/2021\/10\/piscine-tobogganl-charente-maritime-88x100.jpg\" data-src=\"https:\/\/www.lagondelapree.com\/wp-content\/uploads\/2021\/10\/piscine-tobogganl-charente-maritime.jpg\" alt=\"parc aquatique charente\" class=\"images_image reverseimage\" title=\"\"><\/div><\/div><\/div><\/div><\/div><\/section>\n\n<section id=\"section-60f570b975d32\"\" class=\"section first-home-bis bg-white\" \/><div class=\"container extralarge\"><div class=\"colonnes-wrap valign-middle \"><div class=\"element colonne w-40 blob-right\"><div class=\"element images\"><div class=\"image\"><img decoding=\"async\" src=\"\" data-src=\"\" alt=\"parc aquatique charente\" class=\"images_image\" data- title=\"\"><\/div><\/div><\/div><div class=\"element colonne w-60\"><h2 class=\"element section-title justify color2 underlineStyle\">Heated water park near Fouras<\/h2><div class=\"element bloc-text justify \">\n\t<p>Thanks to our <strong class=\"bold color1\">3 much-loved water spaces<\/strong>, you can have fun with great slides in the 3 slides of the Ka\u00ef water park.<\/p>\n<p>Then go relax in our covered heated pool balneo Moana or relax and feel like you&#8217;re on an island paradise by enjoying our natural lagoon, the Lagoon Beach.<\/p>\n<\/div><\/div><\/div><\/div><\/section>\n\n<section id=\"section-60f58d64146d3\"\" class=\"section bg-white p-b-0\" \/><div class=\"container large\"><div class=\"element section-title center titre-cta color1 styleCenter underlineStyle\">Discover our lagoon and our heated pool<\/div><\/div><\/section>\n\n<section id=\"section-60f570b9760ae\"\" class=\"section bg-white p-t-0\" \/><div class=\"container full\"><ul class=\"liste-de-page\"><li class=\"element call-to-action carre call-to-action--style-1 call-to-action--big\"><a href=\"https:\/\/www.lagondelapree.com\/en\/campsite-animations-saint-laurent-de-la-pree\/\"  class=\"call-to-action_link\" title=\"Learn more about animations for children and parties\"><div class=\"call-to-action_image\"><img decoding=\"async\" src=\"https:\/\/www.lagondelapree.com\/wp-content\/uploads\/2021\/09\/camping-loisirs-fouras-2-100x29.jpg\" data-src=\"https:\/\/www.lagondelapree.com\/wp-content\/uploads\/2021\/09\/camping-loisirs-fouras-2.jpg\" alt=\"camping loisirs fouras\" class=\"big\" title=\"\"><\/div><div class=\"call-to-action_contenu\"><div class=\"call-to-action_titre\">Animations for children and parties<\/div><\/div><\/a><\/li><li class=\"element call-to-action carre call-to-action--style-1 call-to-action--big call-to-action--style-1 call-to-action--big\"><a href=\"https:\/\/www.lagondelapree.com\/en\/camping-swimming-pool-heating-saint-laurent-de-la-pree\/\"  class=\"call-to-action_link\" title=\"Learn more about heated indoor pool\"><div class=\"call-to-action_image\"><img decoding=\"async\" src=\"https:\/\/www.lagondelapree.com\/wp-content\/uploads\/2025\/01\/20210527_123516-100x45.jpg\" data-src=\"https:\/\/www.lagondelapree.com\/wp-content\/uploads\/2025\/01\/20210527_123516-scaled.jpg\" alt=\"\" class=\"big\" title=\"\"><\/div><div class=\"call-to-action_contenu\"><div class=\"call-to-action_titre\">Heated indoor pool<\/div><\/div><\/a><\/li><li class=\"element call-to-action carre call-to-action--style-1 call-to-action--big call-to-action--style-1 call-to-action--big call-to-action--style-1 call-to-action--big\"><a href=\"https:\/\/www.lagondelapree.com\/en\/campsite-lagoon-saint-laurent-de-la-pree\/\"  class=\"call-to-action_link\" title=\"Learn more about natural lagoon\"><div class=\"call-to-action_image\"><img decoding=\"async\" src=\"https:\/\/www.lagondelapree.com\/wp-content\/uploads\/2021\/09\/camping-espace-aquatique-saint-laurent-de-la-pree-100x70.jpg\" data-src=\"https:\/\/www.lagondelapree.com\/wp-content\/uploads\/2021\/09\/camping-espace-aquatique-saint-laurent-de-la-pree.jpg\" alt=\"camping espace aquatique saint laurent de la pree\" class=\"big\" title=\"\"><\/div><div class=\"call-to-action_contenu\"><div class=\"call-to-action_titre\">Natural lagoon<\/div><\/div><\/a><\/li><\/ul><\/div><\/section>","protected":false},"excerpt":{"rendered":"","protected":false},"author":1,"featured_media":2316,"parent":0,"menu_order":0,"comment_status":"closed","ping_status":"closed","template":"","meta":{"_acf_changed":false,"footnotes":""},"class_list":["post-4736","page","type-page","status-publish","has-post-thumbnail","hentry"],"acf":[],"_links":{"self":[{"href":"https:\/\/www.lagondelapree.com\/en\/wp-json\/wp\/v2\/pages\/4736","targetHints":{"allow":["GET"]}}],"collection":[{"href":"https:\/\/www.lagondelapree.com\/en\/wp-json\/wp\/v2\/pages"}],"about":[{"href":"https:\/\/www.lagondelapree.com\/en\/wp-json\/wp\/v2\/types\/page"}],"author":[{"embeddable":true,"href":"https:\/\/www.lagondelapree.com\/en\/wp-json\/wp\/v2\/users\/1"}],"replies":[{"embeddable":true,"href":"https:\/\/www.lagondelapree.com\/en\/wp-json\/wp\/v2\/comments?post=4736"}],"version-history":[{"count":10,"href":"https:\/\/www.lagondelapree.com\/en\/wp-json\/wp\/v2\/pages\/4736\/revisions"}],"predecessor-version":[{"id":4819,"href":"https:\/\/www.lagondelapree.com\/en\/wp-json\/wp\/v2\/pages\/4736\/revisions\/4819"}],"wp:featuredmedia":[{"embeddable":true,"href":"https:\/\/www.lagondelapree.com\/en\/wp-json\/wp\/v2\/media\/2316"}],"wp:attachment":[{"href":"https:\/\/www.lagondelapree.com\/en\/wp-json\/wp\/v2\/media?parent=4736"}],"curies":[{"name":"wp","href":"https:\/\/api.w.org\/{rel}","templated":true}]}}